{"id":43,"date":"2026-04-12T18:46:52","date_gmt":"2026-04-12T18:46:52","guid":{"rendered":"https:\/\/veranda-cabriolet.com\/?page_id=43"},"modified":"2026-04-12T20:11:22","modified_gmt":"2026-04-12T20:11:22","slug":"about","status":"publish","type":"page","link":"https:\/\/veranda-cabriolet.com\/?page_id=43","title":{"rendered":"\u00c0 propos"},"content":{"rendered":"<p><div class=\"et_d4_element et_pb_section et_pb_section_0 et_pb_with_background  et_pb_css_mix_blend_mode et_section_regular et_block_section\" >\n\t\t\t\t\n\t\t\t\t\n\t\t\t\t\n\t\t\t\t\n\t\t\t\t\n\t\t\t\t\n\t\t\t\t<div class=\"et_d4_element et_pb_row et_pb_row_0  et_pb_css_mix_blend_mode et_block_row\">\n\t\t\t\t<div class=\"et_d4_element et_pb_column_4_4 et_pb_column et_pb_column_0  et_pb_css_mix_blend_mode et-last-child et_block_column\">\n\t\t\t\t\n\t\t\t\t\n\t\t\t\t\n\t\t\t\t\n\t\t\t\t<div class=\"et_pb_module et_d4_element et_pb_text et_pb_text_0  et_pb_text_align_center et_pb_bg_layout_light\">\n\t\t\t\t\n\t\t\t\t\n\t\t\t\t\n\t\t\t\t\n\t\t\t\t<div class=\"et_pb_text_inner\"><h2>NOTRE HISTOIRE<\/h2>\n<h1>L'art de sublimer votre ext\u00e9rieur<\/h1>\n<p style=\"max-width:700px; margin:0 auto;\">Depuis plus de 20 ans, V\u00e9randa Cabriolet con\u00e7oit et r\u00e9alise des v\u00e9randas et pergolas de prestige pour une client\u00e8le exigeante qui refuse de choisir entre le dedans et le dehors.<\/p><\/div>\n\t\t\t<\/div>\n\t\t\t<\/div>\n\t\t\t\t\n\t\t\t\t\n\t\t\t\t\n\t\t\t\t\n\t\t\t<\/div>\n\t\t\t\t\n\t\t\t\t\n\t\t\t<\/div><div class=\"et_d4_element et_pb_section et_pb_section_1 et_pb_with_background  et_pb_css_mix_blend_mode et_section_regular et_block_section\" >\n\t\t\t\t\n\t\t\t\t\n\t\t\t\t\n\t\t\t\t\n\t\t\t\t\n\t\t\t\t\n\t\t\t\t<div class=\"et_d4_element et_pb_row et_pb_row_1  et_pb_css_mix_blend_mode et_block_row\">\n\t\t\t\t<div class=\"et_d4_element et_pb_column_1_2 et_pb_column et_pb_column_1  et_pb_css_mix_blend_mode et_block_column\">\n\t\t\t\t\n\t\t\t\t\n\t\t\t\t\n\t\t\t\t\n\t\t\t\t<div class=\"et_pb_module et_d4_element et_pb_image et_pb_image_0\">\n\t\t\t\t\n\t\t\t\t\n\t\t\t\t\n\t\t\t\t\n\t\t\t\t<span class=\"et_pb_image_wrap has-box-shadow-overlay\"><div class=\"box-shadow-overlay\"><\/div><img loading=\"lazy\" decoding=\"async\" width=\"1280\" height=\"956\" src=\"https:\/\/veranda-cabriolet.com\/wp-content\/uploads\/2026\/04\/veranda-summun-cabriolet14.jpeg\" alt=\"\" title=\"\" srcset=\"https:\/\/veranda-cabriolet.com\/wp-content\/uploads\/2026\/04\/veranda-summun-cabriolet14.jpeg 1280w, https:\/\/veranda-cabriolet.com\/wp-content\/uploads\/2026\/04\/veranda-summun-cabriolet14-980x732.jpeg 980w, https:\/\/veranda-cabriolet.com\/wp-content\/uploads\/2026\/04\/veranda-summun-cabriolet14-480x359.jpeg 480w\" sizes=\"(min-width: 0px) and (max-width: 480px) 480px, (min-width: 481px) and (max-width: 980px) 980px, (min-width: 981px) 1280px, 100vw\" class=\"wp-image-104\" \/><\/span>\n\t\t\t<\/div>\n\t\t\t<\/div><div class=\"et_d4_element et_pb_column_1_2 et_pb_column et_pb_column_2  et_pb_css_mix_blend_mode et-last-child et_block_column\">\n\t\t\t\t\n\t\t\t\t\n\t\t\t\t\n\t\t\t\t\n\t\t\t\t<div class=\"et_pb_module et_d4_element et_pb_text et_pb_text_1  et_pb_text_align_left et_pb_bg_layout_light\">\n\t\t\t\t\n\t\t\t\t\n\t\t\t\t\n\t\t\t\t\n\t\t\t\t<div class=\"et_pb_text_inner\"><h3>NOTRE MISSION<\/h3>\n<h2>Cr\u00e9ateurs d'espaces de vie exceptionnels<\/h2>\n<p>Fond\u00e9e en 2004 par des artisans passionn\u00e9s, V\u00e9randa Cabriolet est n\u00e9e d'une conviction simple : chaque maison m\u00e9rite un espace de vie suppl\u00e9mentaire, \u00e0 la fois \u00e9l\u00e9gant et fonctionnel.<\/p>\n<p>Notre savoir-faire unique conjugue des mat\u00e9riaux nobles \u2014 aluminium trait\u00e9, verre feuillet\u00e9, bois massif \u2014 avec une ing\u00e9nierie de pr\u00e9cision pour cr\u00e9er des structures qui r\u00e9sistent aux \u00e9l\u00e9ments tout en offrant un confort maximal.<\/p>\n<p>De la premi\u00e8re esquisse \u00e0 la pose finale, chaque projet est trait\u00e9 avec la m\u00eame exigence : la v\u00f4tre.<\/p><\/div>\n\t\t\t<\/div>\n\t\t\t<\/div>\n\t\t\t\t\n\t\t\t\t\n\t\t\t\t\n\t\t\t\t\n\t\t\t<\/div>\n\t\t\t\t\n\t\t\t\t\n\t\t\t<\/div><div class=\"et_d4_element et_pb_section et_pb_section_2 et_pb_with_background  et_pb_css_mix_blend_mode et_section_regular et_block_section\" >\n\t\t\t\t\n\t\t\t\t\n\t\t\t\t\n\t\t\t\t\n\t\t\t\t\n\t\t\t\t\n\t\t\t\t<div class=\"et_d4_element et_pb_row et_pb_row_2  et_pb_css_mix_blend_mode et_block_row\">\n\t\t\t\t<div class=\"et_d4_element et_pb_column_4_4 et_pb_column et_pb_column_3  et_pb_css_mix_blend_mode et-last-child et_block_column\">\n\t\t\t\t\n\t\t\t\t\n\t\t\t\t\n\t\t\t\t\n\t\t\t\t<div class=\"et_pb_module et_d4_element et_pb_text et_pb_text_2  et_pb_text_align_center et_pb_bg_layout_light\">\n\t\t\t\t\n\t\t\t\t\n\t\t\t\t\n\t\t\t\t\n\t\t\t\t<div class=\"et_pb_text_inner\"><h2>NOS VALEURS<\/h2>\n<h1 style=\"color:#ffffff;\">Ce qui nous anime<\/h1><\/div>\n\t\t\t<\/div>\n\t\t\t<\/div>\n\t\t\t\t\n\t\t\t\t\n\t\t\t\t\n\t\t\t\t\n\t\t\t<\/div><div class=\"et_d4_element et_pb_row et_pb_row_3  et_pb_css_mix_blend_mode et_block_row\">\n\t\t\t\t<div class=\"et_d4_element et_pb_column_1_3 et_pb_column et_pb_column_4  et_pb_css_mix_blend_mode et_block_column\">\n\t\t\t\t\n\t\t\t\t\n\t\t\t\t\n\t\t\t\t\n\t\t\t\t<div class=\"et_pb_module et_d4_element et_pb_text et_pb_text_3  et_pb_text_align_center et_pb_bg_layout_light\">\n\t\t\t\t\n\t\t\t\t\n\t\t\t\t\n\t\t\t\t\n\t\t\t\t<div class=\"et_pb_text_inner\"><h3>Excellence<\/h3>\n<p>Nous n'acceptons aucun compromis sur la qualit\u00e9 des mat\u00e9riaux, la pr\u00e9cision des finitions ou la durabilit\u00e9 de nos structures.<\/p><\/div>\n\t\t\t<\/div>\n\t\t\t<\/div><div class=\"et_d4_element et_pb_column_1_3 et_pb_column et_pb_column_5  et_pb_css_mix_blend_mode et_block_column\">\n\t\t\t\t\n\t\t\t\t\n\t\t\t\t\n\t\t\t\t\n\t\t\t\t<div class=\"et_pb_module et_d4_element et_pb_text et_pb_text_4  et_pb_text_align_center et_pb_bg_layout_light\">\n\t\t\t\t\n\t\t\t\t\n\t\t\t\t\n\t\t\t\t\n\t\t\t\t<div class=\"et_pb_text_inner\"><h3>Sur-mesure<\/h3>\n<p>Chaque projet est unique. Nous adaptons chaque conception aux contraintes architecturales et aux d\u00e9sirs de nos clients.<\/p><\/div>\n\t\t\t<\/div>\n\t\t\t<\/div><div class=\"et_d4_element et_pb_column_1_3 et_pb_column et_pb_column_6  et_pb_css_mix_blend_mode et-last-child et_block_column\">\n\t\t\t\t\n\t\t\t\t\n\t\t\t\t\n\t\t\t\t\n\t\t\t\t<div class=\"et_pb_module et_d4_element et_pb_text et_pb_text_5  et_pb_text_align_center et_pb_bg_layout_light\">\n\t\t\t\t\n\t\t\t\t\n\t\t\t\t\n\t\t\t\t\n\t\t\t\t<div class=\"et_pb_text_inner\"><h3>Transparence<\/h3>\n<p>Devis d\u00e9taill\u00e9, d\u00e9lais tenus, suivi de chantier rigoureux. Vous \u00eates inform\u00e9s \u00e0 chaque \u00e9tape de votre projet.<\/p><\/div>\n\t\t\t<\/div>\n\t\t\t<\/div>\n\t\t\t\t\n\t\t\t\t\n\t\t\t\t\n\t\t\t\t\n\t\t\t<\/div>\n\t\t\t\t\n\t\t\t\t\n\t\t\t<\/div><div class=\"et_d4_element et_pb_section et_pb_section_3 et_pb_with_background  et_pb_css_mix_blend_mode et_section_regular et_block_section\" >\n\t\t\t\t\n\t\t\t\t\n\t\t\t\t\n\t\t\t\t\n\t\t\t\t\n\t\t\t\t\n\t\t\t\t<div class=\"et_d4_element et_pb_row et_pb_row_4  et_pb_css_mix_blend_mode et_block_row\">\n\t\t\t\t<div class=\"et_d4_element et_pb_column_4_4 et_pb_column et_pb_column_7  et_pb_css_mix_blend_mode et-last-child et_block_column\">\n\t\t\t\t\n\t\t\t\t\n\t\t\t\t\n\t\t\t\t\n\t\t\t\t<div class=\"et_pb_module et_d4_element et_pb_text et_pb_text_6  et_pb_text_align_center et_pb_bg_layout_light\">\n\t\t\t\t\n\t\t\t\t\n\t\t\t\t\n\t\t\t\t\n\t\t\t\t<div class=\"et_pb_text_inner\"><h2>L'\u00c9QUIPE<\/h2>\n<h1 style=\"color:#1a1a1a;\">Des experts \u00e0 votre service<\/h1><\/div>\n\t\t\t<\/div>\n\t\t\t<\/div>\n\t\t\t\t\n\t\t\t\t\n\t\t\t\t\n\t\t\t\t\n\t\t\t<\/div><div class=\"et_d4_element et_pb_row et_pb_row_5  et_pb_css_mix_blend_mode et_block_row\">\n\t\t\t\t<div class=\"et_d4_element et_pb_column_1_3 et_pb_column et_pb_column_8  et_pb_css_mix_blend_mode et_block_column\">\n\t\t\t\t\n\t\t\t\t\n\t\t\t\t\n\t\t\t\t\n\t\t\t\t<div class=\"et_pb_module et_d4_element et_pb_image et_pb_image_1\">\n\t\t\t\t\n\t\t\t\t\n\t\t\t\t\n\t\t\t\t\n\t\t\t\t<span class=\"et_pb_image_wrap \"><img loading=\"lazy\" decoding=\"async\" width=\"1200\" height=\"896\" src=\"https:\/\/veranda-cabriolet.com\/wp-content\/uploads\/2026\/04\/veranda-summun-cabriolet9.jpeg\" alt=\"\" title=\"\" srcset=\"https:\/\/veranda-cabriolet.com\/wp-content\/uploads\/2026\/04\/veranda-summun-cabriolet9.jpeg 1200w, https:\/\/veranda-cabriolet.com\/wp-content\/uploads\/2026\/04\/veranda-summun-cabriolet9-980x732.jpeg 980w, https:\/\/veranda-cabriolet.com\/wp-content\/uploads\/2026\/04\/veranda-summun-cabriolet9-480x358.jpeg 480w\" sizes=\"(min-width: 0px) and (max-width: 480px) 480px, (min-width: 481px) and (max-width: 980px) 980px, (min-width: 981px) 1200px, 100vw\" class=\"wp-image-99\" \/><\/span>\n\t\t\t<\/div><div class=\"et_pb_module et_d4_element et_pb_text et_pb_text_7  et_pb_text_align_center et_pb_bg_layout_light\">\n\t\t\t\t\n\t\t\t\t\n\t\t\t\t\n\t\t\t\t\n\t\t\t\t<div class=\"et_pb_text_inner\"><h3>Marc Fontaine<\/h3>\n<h4>Fondateur & Directeur<\/h4>\n<p>Architecte de formation, Marc a fond\u00e9 V\u00e9randa Cabriolet avec la vision de rendre l'architecture de luxe accessible \u00e0 tous. Plus de 500 projets r\u00e9alis\u00e9s en 20 ans.<\/p><\/div>\n\t\t\t<\/div>\n\t\t\t<\/div><div class=\"et_d4_element et_pb_column_1_3 et_pb_column et_pb_column_9  et_pb_css_mix_blend_mode et_block_column\">\n\t\t\t\t\n\t\t\t\t\n\t\t\t\t\n\t\t\t\t\n\t\t\t\t<div class=\"et_pb_module et_d4_element et_pb_image et_pb_image_2\">\n\t\t\t\t\n\t\t\t\t\n\t\t\t\t\n\t\t\t\t\n\t\t\t\t<span class=\"et_pb_image_wrap \"><img loading=\"lazy\" decoding=\"async\" width=\"1195\" height=\"896\" src=\"https:\/\/veranda-cabriolet.com\/wp-content\/uploads\/2026\/04\/veranda-summun-cabriolet10.jpeg\" alt=\"\" title=\"\" srcset=\"https:\/\/veranda-cabriolet.com\/wp-content\/uploads\/2026\/04\/veranda-summun-cabriolet10.jpeg 1195w, https:\/\/veranda-cabriolet.com\/wp-content\/uploads\/2026\/04\/veranda-summun-cabriolet10-980x735.jpeg 980w, https:\/\/veranda-cabriolet.com\/wp-content\/uploads\/2026\/04\/veranda-summun-cabriolet10-480x360.jpeg 480w\" sizes=\"(min-width: 0px) and (max-width: 480px) 480px, (min-width: 481px) and (max-width: 980px) 980px, (min-width: 981px) 1195px, 100vw\" class=\"wp-image-100\" \/><\/span>\n\t\t\t<\/div><div class=\"et_pb_module et_d4_element et_pb_text et_pb_text_8  et_pb_text_align_center et_pb_bg_layout_light\">\n\t\t\t\t\n\t\t\t\t\n\t\t\t\t\n\t\t\t\t\n\t\t\t\t<div class=\"et_pb_text_inner\"><h3>Sophie Renard<\/h3>\n<h4>Designer d'Int\u00e9rieur<\/h4>\n<p>Sp\u00e9cialiste de l'int\u00e9gration architecturale, Sophie s'assure que chaque v\u00e9randa s'harmonise parfaitement avec l'existant, cr\u00e9ant une continuit\u00e9 naturelle entre int\u00e9rieur et ext\u00e9rieur.<\/p><\/div>\n\t\t\t<\/div>\n\t\t\t<\/div><div class=\"et_d4_element et_pb_column_1_3 et_pb_column et_pb_column_10  et_pb_css_mix_blend_mode et-last-child et_block_column\">\n\t\t\t\t\n\t\t\t\t\n\t\t\t\t\n\t\t\t\t\n\t\t\t\t<div class=\"et_pb_module et_d4_element et_pb_image et_pb_image_3\">\n\t\t\t\t\n\t\t\t\t\n\t\t\t\t\n\t\t\t\t\n\t\t\t\t<span class=\"et_pb_image_wrap \"><img loading=\"lazy\" decoding=\"async\" width=\"1280\" height=\"956\" src=\"https:\/\/veranda-cabriolet.com\/wp-content\/uploads\/2026\/04\/veranda-summun-cabriolet14.jpeg\" alt=\"\" title=\"\" srcset=\"https:\/\/veranda-cabriolet.com\/wp-content\/uploads\/2026\/04\/veranda-summun-cabriolet14.jpeg 1280w, https:\/\/veranda-cabriolet.com\/wp-content\/uploads\/2026\/04\/veranda-summun-cabriolet14-980x732.jpeg 980w, https:\/\/veranda-cabriolet.com\/wp-content\/uploads\/2026\/04\/veranda-summun-cabriolet14-480x359.jpeg 480w\" sizes=\"(min-width: 0px) and (max-width: 480px) 480px, (min-width: 481px) and (max-width: 980px) 980px, (min-width: 981px) 1280px, 100vw\" class=\"wp-image-104\" \/><\/span>\n\t\t\t<\/div><div class=\"et_pb_module et_d4_element et_pb_text et_pb_text_9  et_pb_text_align_center et_pb_bg_layout_light\">\n\t\t\t\t\n\t\t\t\t\n\t\t\t\t\n\t\t\t\t\n\t\t\t\t<div class=\"et_pb_text_inner\"><h3>Pierre Claes<\/h3>\n<h4>Chef de Chantier<\/h4>\n<p>Menuisier de m\u00e9tier avec 18 ans d'exp\u00e9rience, Pierre dirige nos \u00e9quipes avec rigueur et passion. Sa pr\u00e9cision l\u00e9gendaire garantit des finitions irr\u00e9prochables sur chaque chantier.<\/p><\/div>\n\t\t\t<\/div>\n\t\t\t<\/div>\n\t\t\t\t\n\t\t\t\t\n\t\t\t\t\n\t\t\t\t\n\t\t\t<\/div>\n\t\t\t\t\n\t\t\t\t\n\t\t\t<\/div><div class=\"et_d4_element et_pb_section et_pb_section_4 et_pb_with_background  et_pb_css_mix_blend_mode et_section_regular et_block_section\" >\n\t\t\t\t\n\t\t\t\t\n\t\t\t\t\n\t\t\t\t\n\t\t\t\t\n\t\t\t\t\n\t\t\t\t<div class=\"et_d4_element et_pb_row et_pb_row_6  et_pb_css_mix_blend_mode et_block_row\">\n\t\t\t\t<div class=\"et_d4_element et_pb_column_4_4 et_pb_column et_pb_column_11  et_pb_css_mix_blend_mode et-last-child et_block_column\">\n\t\t\t\t\n\t\t\t\t\n\t\t\t\t\n\t\t\t\t\n\t\t\t\t<div class=\"et_pb_module et_d4_element et_pb_text et_pb_text_10  et_pb_text_align_center et_pb_bg_layout_light\">\n\t\t\t\t\n\t\t\t\t\n\t\t\t\t\n\t\t\t\t\n\t\t\t\t<div class=\"et_pb_text_inner\"><p style=\"color:#c8a96a; letter-spacing:4px; text-transform:uppercase; font-size:12px;\">PR\u00caT \u00c0 COMMENCER ?<\/p>\n<h2 style=\"color:#ffffff; font-size:36px;\">Parlons de votre projet<\/h2><\/div>\n\t\t\t<\/div><div class=\"et_pb_button_module_wrapper et_pb_button_0_wrapper et_pb_button_alignment_center et_pb_module \">\n\t\t\t\t<a class=\"et_pb_button et_d4_element et_pb_button_0 et_pb_bg_layout_light et_block_module\" href=\"\/?page_id=47\">DEMANDE DE RENSEIGNEMENT<\/a>\n\t\t\t<\/div>\n\t\t\t<\/div>\n\t\t\t\t\n\t\t\t\t\n\t\t\t\t\n\t\t\t\t\n\t\t\t<\/div>\n\t\t\t\t\n\t\t\t\t\n\t\t\t<\/div><\/p>\n","protected":false},"excerpt":{"rendered":"","protected":false},"author":1,"featured_media":0,"parent":0,"menu_order":0,"comment_status":"closed","ping_status":"closed","template":"","meta":{"_et_pb_use_builder":"on","_et_pb_old_content":"","_et_gb_content_width":"","footnotes":""},"class_list":["post-43","page","type-page","status-publish","hentry"],"_links":{"self":[{"href":"https:\/\/veranda-cabriolet.com\/index.php?rest_route=\/wp\/v2\/pages\/43","targetHints":{"allow":["GET"]}}],"collection":[{"href":"https:\/\/veranda-cabriolet.com\/index.php?rest_route=\/wp\/v2\/pages"}],"about":[{"href":"https:\/\/veranda-cabriolet.com\/index.php?rest_route=\/wp\/v2\/types\/page"}],"author":[{"embeddable":true,"href":"https:\/\/veranda-cabriolet.com\/index.php?rest_route=\/wp\/v2\/users\/1"}],"replies":[{"embeddable":true,"href":"https:\/\/veranda-cabriolet.com\/index.php?rest_route=%2Fwp%2Fv2%2Fcomments&post=43"}],"version-history":[{"count":4,"href":"https:\/\/veranda-cabriolet.com\/index.php?rest_route=\/wp\/v2\/pages\/43\/revisions"}],"predecessor-version":[{"id":169,"href":"https:\/\/veranda-cabriolet.com\/index.php?rest_route=\/wp\/v2\/pages\/43\/revisions\/169"}],"wp:attachment":[{"href":"https:\/\/veranda-cabriolet.com\/index.php?rest_route=%2Fwp%2Fv2%2Fmedia&parent=43"}],"curies":[{"name":"wp","href":"https:\/\/api.w.org\/{rel}","templated":true}]}}